{"id":75,"date":"2025-07-26T22:42:49","date_gmt":"2025-07-26T22:42:49","guid":{"rendered":"https:\/\/contact.finquessip.com\/?page_id=75"},"modified":"2025-07-26T23:42:27","modified_gmt":"2025-07-26T23:42:27","slug":"75-2","status":"publish","type":"page","link":"https:\/\/contact.finquessip.com\/index.php\/75-2\/","title":{"rendered":"Privacitat"},"content":{"rendered":"<p><img loading=\"lazy\" decoding=\"async\" class=\"size-medium wp-image-76 aligncenter\" src=\"https:\/\/contact.finquessip.com\/wp-content\/uploads\/2025\/07\/Logo-SIP-300x200.png\" alt=\"\" width=\"300\" height=\"200\" srcset=\"https:\/\/contact.finquessip.com\/wp-content\/uploads\/2025\/07\/Logo-SIP-300x200.png 300w, https:\/\/contact.finquessip.com\/wp-content\/uploads\/2025\/07\/Logo-SIP.png 450w\" sizes=\"auto, (max-width: 300px) 100vw, 300px\" \/><\/p>\n<p style=\"font-weight: inherit; font-style: inherit;\"><b><strong>Responsable:<\/strong><\/b>\u00a0Bolet Rovira, SL amb CIF B-61.837.787<\/p>\n<p style=\"font-weight: inherit; font-style: inherit;\"><b><strong>Finalidad:<\/strong><\/b>\u00a0Gesti\u00f3n de las solicitudes de informaci\u00f3n a trav\u00e9s de la p\u00e1gina web con la finalidad de prestarles servicios profesionales inmobiliarios y as\u00ed facilitarles informaci\u00f3n sobre lo que solicite.<\/p>\n<p style=\"font-weight: inherit; font-style: inherit;\"><b><strong>Legitimaci\u00f3n:<\/strong><\/b>\u00a0La legitimaci\u00f3n se basa en el consentimiento que usted nos otorga al clicar el bot\u00f3n \u00abAcepto la pol\u00edtica de protecci\u00f3n de datos\u00bb.<\/p>\n<p style=\"font-weight: inherit; font-style: inherit;\"><b><strong>Destinatarios:<\/strong><\/b>\u00a0Sus datos no se ceder\u00e1n a nadie, salvo obligaci\u00f3n legal.<\/p>\n<p style=\"font-weight: inherit; font-style: inherit;\"><b><strong>Derechos:<\/strong><\/b>\u00a0Podr\u00e1 ejercitar los derechos de acceso, rectificaci\u00f3n, supresi\u00f3n, oposici\u00f3n, portabilidad y retirada de consentimiento de sus datos personales en la direcci\u00f3n de correo electr\u00f3nico sip@finquessip.com.<\/p>\n<p style=\"font-weight: 400;\">\n<b><strong>PROTECCI\u00d3 DE DADES. Bolet Rovira, SL amb CIF B-61.837.787, domiciliada a Vilafranca del Pened\u00e8s, Avgda. Tarragona, 28, amb tel\u00e8fon 93.890.04.33 i correu electr\u00f2nic\u00a0<a style=\"font-weight: inherit; font-style: inherit;\" href=\"mailto:sip@finquessip.com\">sip@finquessip.com<\/a>, tractar\u00e0 la informaci\u00f3 que ens facilita amb la finalitat d\u2019enviar-li publicitat relacionada amb els nostres productes i serveis per qualsevol mitj\u00e0 (postal, e-mail o tel\u00e8fon) i invitar-lo a esdeveniments organitzats per l\u2019empresa. Les dades proporcionades es conservaran durant el temps necessari per la finalitat per la qual han estat recollides. Les dades no es cediran a tercers, excepte en els casos en que existeixi una obligaci\u00f3 legal.\u00a0<\/strong><\/b><\/p>\n<p style=\"font-weight: 400;\">Vost\u00e8 te dret a obtenir confirmaci\u00f3 sobre si Bolet Rovira, SL estem tractant les seves dades personals, pel que te dret a accedir a les mateixes, rectificar les inexactes, portabilitat, limitaci\u00f3 d\u2019aquestes, o sol\u00b7licitar la seva cancel\u00b7laci\u00f3 quan aquestes dades ja no siguin necess\u00e0ries pels motius que van ser recollides.<\/p>\n<p style=\"text-align: center;\">\n","protected":false},"excerpt":{"rendered":"<p>Responsable:\u00a0Bolet Rovira, SL amb CIF B-61.837.787 Finalidad:\u00a0Gesti\u00f3n de las solicitudes de informaci\u00f3n a trav\u00e9s de la p\u00e1gina web con la finalidad de prestarles servicios profesionales inmobiliarios y as\u00ed facilitarles informaci\u00f3n sobre lo que solicite. Legitimaci\u00f3n:\u00a0La legitimaci\u00f3n se basa en el consentimiento que usted nos otorga al clicar el bot\u00f3n \u00abAcepto la pol\u00edtica de protecci\u00f3n de [&hellip;]<\/p>\n","protected":false},"author":1,"featured_media":0,"parent":0,"menu_order":0,"comment_status":"closed","ping_status":"closed","template":"","meta":{"footnotes":""},"class_list":["post-75","page","type-page","status-publish","hentry"],"_links":{"self":[{"href":"https:\/\/contact.finquessip.com\/index.php\/wp-json\/wp\/v2\/pages\/75","targetHints":{"allow":["GET"]}}],"collection":[{"href":"https:\/\/contact.finquessip.com\/index.php\/wp-json\/wp\/v2\/pages"}],"about":[{"href":"https:\/\/contact.finquessip.com\/index.php\/wp-json\/wp\/v2\/types\/page"}],"author":[{"embeddable":true,"href":"https:\/\/contact.finquessip.com\/index.php\/wp-json\/wp\/v2\/users\/1"}],"replies":[{"embeddable":true,"href":"https:\/\/contact.finquessip.com\/index.php\/wp-json\/wp\/v2\/comments?post=75"}],"version-history":[{"count":9,"href":"https:\/\/contact.finquessip.com\/index.php\/wp-json\/wp\/v2\/pages\/75\/revisions"}],"predecessor-version":[{"id":88,"href":"https:\/\/contact.finquessip.com\/index.php\/wp-json\/wp\/v2\/pages\/75\/revisions\/88"}],"wp:attachment":[{"href":"https:\/\/contact.finquessip.com\/index.php\/wp-json\/wp\/v2\/media?parent=75"}],"curies":[{"name":"wp","href":"https:\/\/api.w.org\/{rel}","templated":true}]}}